{"id":9,"date":"2017-09-06T20:30:40","date_gmt":"2017-09-06T20:30:40","guid":{"rendered":"http:\/\/kissthislad-retriever.cz\/?page_id=9"},"modified":"2021-07-10T08:29:30","modified_gmt":"2021-07-10T08:29:30","slug":"vystavy","status":"publish","type":"page","link":"https:\/\/kissthislad-retriever.cz\/uvodni-stranka\/vystavy\/","title":{"rendered":"V\u00fdstavy"},"content":{"rendered":"<p>Z Jessinka vyrostl velmi p\u011bkn\u00fd pejsek a tak jsem se rozhodla ho vz\u00edt na v\u00fdstavu (i p\u0159esto, \u017ee jsem p\u016fvodn\u011b o vystavov\u00e1n\u00ed v\u016fbec neuva\u017eovala). Prvn\u00ed v\u00fdstavu Jessie absolvoval t\u00e9m\u011b\u0159 ve dvou letech. Od t\u00e9 doby se \u00fa\u010dastn\u00ed n\u011bkolika v\u00fdstav ro\u010dn\u011b. Z\u00edsk\u00e1v\u00e1 p\u011bkn\u00e1 hodnocen\u00ed, ve kter\u00fdch je zmi\u0148ov\u00e1no spr\u00e1vn\u00e9 \u00fahlen\u00ed, hlubok\u00fd hrudn\u00edk, v\u00fdborn\u00e1 horn\u00ed linie, dob\u0159e nesen\u00fd ocas, excelentn\u00ed v pohybu.<\/p>\n<p>V roce 2019 z\u00edskal titul <strong>\u010cesk\u00e9ho \u0161ampiona kr\u00e1sy<\/strong>.<\/p>\n<h6><strong>V\u00fdstavn\u00ed v\u00fdsledky <\/strong><\/h6>\n<p><strong>3x V1 CAC<\/strong> <em>(NPV Mlad\u00e1 Boleslav 2016, Speci\u00e1ln\u00ed v\u00fdstava retriever\u016f Chlumec n.C. 2018, MVP Interdog Bohemia 2019)<br \/>\n<\/em><\/p>\n<p><strong>5x V2 res. CAC<\/strong> <em>(NPV Mlad\u00e1 Boleslav 2017, Prague Expo Dog 2017, Prague Expo Dog 2018, Prague Expo Dog 2019, Klubov\u00e1 v\u00fdstava retriever\u016f Pink Show 2020)<br \/>\n<\/em><\/p>\n<p><strong>2x V3<\/strong> <em>(Klubov\u00e1 v\u00fdstava retriever\u016f Konopi\u0161t\u011b 2016, MPV Mlad\u00e1 Boleslav 2016)<\/em><\/p>\n<p><strong>2x V4<\/strong> <em>(Speci\u00e1ln\u00ed v\u00fdstava retriever\u016f Konopi\u0161t\u011b 2016, Klubov\u00e1 v\u00fdstava retriever klubu 2017)<\/em><\/p>\n<p><strong>7xV\u00a0<\/strong> <em>(Klubov\u00e1 v\u00fdstava KCHLS Humpolec 2016, Klubov\u00e1 v\u00fdstava Oslavany 2016, Klubov\u00e1 v\u00fdstava KCHLS Humpolec 2017, Specil\u00e1n\u00ed v\u00fdstava KCHLS Humpolec 2017, Klubov\u00e1\u00a0\u00a0 v\u00fdstava KCHLS &#8211; Humpolec 2018, Klubov\u00e1 v\u00fdstava KCHLS Humpole\u010d 2019, Speci\u00e1ln\u00ed v\u00fdstava KCHLS &#8211; Humpolec 2019)<\/em><\/p>\n","protected":false},"excerpt":{"rendered":"<p>Z Jessinka vyrostl velmi p\u011bkn\u00fd pejsek a tak jsem se rozhodla ho vz\u00edt na v\u00fdstavu (i p\u0159esto, \u017ee jsem p\u016fvodn\u011b o vystavov\u00e1n\u00ed v\u016fbec neuva\u017eovala). Prvn\u00ed v\u00fdstavu Jessie absolvoval t\u00e9m\u011b\u0159 ve dvou letech. Od t\u00e9 doby se \u00fa\u010dastn\u00ed n\u011bkolika v\u00fdstav ro\u010dn\u011b. Z\u00edsk\u00e1v\u00e1 p\u011bkn\u00e1 hodnocen\u00ed, ve kter\u00fdch je zmi\u0148ov\u00e1no spr\u00e1vn\u00e9 \u00fahlen\u00ed, hlubok\u00fd &hellip;<\/p>\n","protected":false},"author":1,"featured_media":0,"parent":0,"menu_order":0,"comment_status":"closed","ping_status":"closed","template":"","meta":[],"_links":{"self":[{"href":"https:\/\/kissthislad-retriever.cz\/uvodni-stranka\/wp-json\/wp\/v2\/pages\/9"}],"collection":[{"href":"https:\/\/kissthislad-retriever.cz\/uvodni-stranka\/wp-json\/wp\/v2\/pages"}],"about":[{"href":"https:\/\/kissthislad-retriever.cz\/uvodni-stranka\/wp-json\/wp\/v2\/types\/page"}],"author":[{"embeddable":true,"href":"https:\/\/kissthislad-retriever.cz\/uvodni-stranka\/wp-json\/wp\/v2\/users\/1"}],"replies":[{"embeddable":true,"href":"https:\/\/kissthislad-retriever.cz\/uvodni-stranka\/wp-json\/wp\/v2\/comments?post=9"}],"version-history":[{"count":13,"href":"https:\/\/kissthislad-retriever.cz\/uvodni-stranka\/wp-json\/wp\/v2\/pages\/9\/revisions"}],"predecessor-version":[{"id":321,"href":"https:\/\/kissthislad-retriever.cz\/uvodni-stranka\/wp-json\/wp\/v2\/pages\/9\/revisions\/321"}],"wp:attachment":[{"href":"https:\/\/kissthislad-retriever.cz\/uvodni-stranka\/wp-json\/wp\/v2\/media?parent=9"}],"curies":[{"name":"wp","href":"https:\/\/api.w.org\/{rel}","templated":true}]}}