{"id":90,"date":"2017-09-07T12:15:24","date_gmt":"2017-09-07T12:15:24","guid":{"rendered":"http:\/\/kissthislad-retriever.cz\/?page_id=90"},"modified":"2021-07-10T10:57:59","modified_gmt":"2021-07-10T10:57:59","slug":"nabidka-kryti","status":"publish","type":"page","link":"https:\/\/kissthislad-retriever.cz\/uvodni-stranka\/nabidka-kryti\/","title":{"rendered":"Nab\u00eddka kryt\u00ed"},"content":{"rendered":"<p><strong>Nab\u00eddka kryt\u00ed<\/strong><\/p>\n<p>Jessie je k dispozici chovn\u00fdm fen\u00e1m plemene. Fenky mus\u00ed spl\u0148ovat podm\u00ednky chovnosti a m\u00edt pot\u0159ebn\u00e9 zdravotn\u00ed testy.<\/p>\n<p><a href=\"http:\/\/kissthislad-retriever.cz\/wp-content\/uploads\/2017\/09\/Jessie-4.11.2017-Praha-postoj-1.jpg\"><img loading=\"lazy\" class=\"aligncenter wp-image-238 size-full\" src=\"http:\/\/kissthislad-retriever.cz\/wp-content\/uploads\/2017\/09\/Jessie-4.11.2017-Praha-postoj-1.jpg\" alt=\"\" width=\"2048\" height=\"1365\" srcset=\"https:\/\/kissthislad-retriever.cz\/wp-content\/uploads\/2017\/09\/Jessie-4.11.2017-Praha-postoj-1.jpg 2048w, https:\/\/kissthislad-retriever.cz\/wp-content\/uploads\/2017\/09\/Jessie-4.11.2017-Praha-postoj-1-300x200.jpg 300w, https:\/\/kissthislad-retriever.cz\/wp-content\/uploads\/2017\/09\/Jessie-4.11.2017-Praha-postoj-1-768x512.jpg 768w, https:\/\/kissthislad-retriever.cz\/wp-content\/uploads\/2017\/09\/Jessie-4.11.2017-Praha-postoj-1-1024x683.jpg 1024w, https:\/\/kissthislad-retriever.cz\/wp-content\/uploads\/2017\/09\/Jessie-4.11.2017-Praha-postoj-1-525x350.jpg 525w\" sizes=\"(max-width: 2048px) 100vw, 2048px\" \/><\/a><\/p>\n<p>\u0160ampion kr\u00e1sy \u010cR, \u010dekatel \u0161ampiona pr\u00e1ce<\/p>\n<p>Narozen:\u00a0 15.6.2014<\/p>\n<p>Otec: Putjade Pajazzo<\/p>\n<p>Matka: Multi CH Call Me Lucky Rusty Love<\/p>\n<p>Chovatel: Stegurov\u00e1 Radka, Ma\u0161\u00ednov\u00e1 Gabriela<\/p>\n<p>Majitel: Hartmanov\u00e1 V\u011bra<\/p>\n<p>Chrup: \u00fapln\u00fd, n\u016f\u017ekov\u00fd<\/p>\n<p>Barva srsti: sv\u011btle zlat\u00e1<\/p>\n<p>Zdravotn\u00ed v\u00fdsledky: DKK (HD) A\/A<\/p>\n<p>DLK (ED) 0\/0<\/p>\n<p>OCD clear<\/p>\n<p>GR_PRA1: Clear by parentage<\/p>\n<p>GR_PRA2: Clear by parentage<\/p>\n<p>ICT: N\/P &#8211; carrier<\/p>\n<p>O\u010di: prost\u00e9 (05\/2021)<\/p>\n<p>Rodokmen: <a href=\"http:\/\/www.k9data.com\/pedigree.asp?ID=858873\">odkaz na rodokmen K9data<\/a><\/p>\n","protected":false},"excerpt":{"rendered":"<p>Nab\u00eddka kryt\u00ed Jessie je k dispozici chovn\u00fdm fen\u00e1m plemene. Fenky mus\u00ed spl\u0148ovat podm\u00ednky chovnosti a m\u00edt pot\u0159ebn\u00e9 zdravotn\u00ed testy. \u0160ampion kr\u00e1sy \u010cR, \u010dekatel \u0161ampiona pr\u00e1ce Narozen:\u00a0 15.6.2014 Otec: Putjade Pajazzo Matka: Multi CH Call Me Lucky Rusty Love Chovatel: Stegurov\u00e1 Radka, Ma\u0161\u00ednov\u00e1 Gabriela Majitel: Hartmanov\u00e1 V\u011bra Chrup: \u00fapln\u00fd, n\u016f\u017ekov\u00fd Barva &hellip;<\/p>\n","protected":false},"author":1,"featured_media":0,"parent":0,"menu_order":0,"comment_status":"closed","ping_status":"closed","template":"","meta":[],"_links":{"self":[{"href":"https:\/\/kissthislad-retriever.cz\/uvodni-stranka\/wp-json\/wp\/v2\/pages\/90"}],"collection":[{"href":"https:\/\/kissthislad-retriever.cz\/uvodni-stranka\/wp-json\/wp\/v2\/pages"}],"about":[{"href":"https:\/\/kissthislad-retriever.cz\/uvodni-stranka\/wp-json\/wp\/v2\/types\/page"}],"author":[{"embeddable":true,"href":"https:\/\/kissthislad-retriever.cz\/uvodni-stranka\/wp-json\/wp\/v2\/users\/1"}],"replies":[{"embeddable":true,"href":"https:\/\/kissthislad-retriever.cz\/uvodni-stranka\/wp-json\/wp\/v2\/comments?post=90"}],"version-history":[{"count":17,"href":"https:\/\/kissthislad-retriever.cz\/uvodni-stranka\/wp-json\/wp\/v2\/pages\/90\/revisions"}],"predecessor-version":[{"id":361,"href":"https:\/\/kissthislad-retriever.cz\/uvodni-stranka\/wp-json\/wp\/v2\/pages\/90\/revisions\/361"}],"wp:attachment":[{"href":"https:\/\/kissthislad-retriever.cz\/uvodni-stranka\/wp-json\/wp\/v2\/media?parent=90"}],"curies":[{"name":"wp","href":"https:\/\/api.w.org\/{rel}","templated":true}]}}